{"id":29,"date":"2024-10-06T01:09:05","date_gmt":"2024-10-06T01:09:05","guid":{"rendered":"https:\/\/denizcilik.pirireis.edu.tr\/en\/?page_id=29"},"modified":"2025-08-16T12:09:32","modified_gmt":"2025-08-16T12:09:32","slug":"commissions-and-boards","status":"publish","type":"page","link":"https:\/\/denizcilik.pirireis.edu.tr\/en\/administration\/commissions-and-boards\/","title":{"rendered":"Commissions and Boards"},"content":{"rendered":"<table style=\"border-collapse: collapse; border: 1px solid black;\">\n<tbody>\n<tr>\n<td style=\"border: 1px solid black; padding: 5px;\" width=\"160\"><strong>COMMISSION NAME<\/strong><\/td>\n<td  style=\"border: 1px solid black; padding: 5px;\" width=\"246\"><strong>DUIM COMMISSION MEMBERS<\/strong><\/td>\n<td style=\"border: 1px solid black; padding: 5px;\" width=\"268\"><strong>GMIM COMMISSION MEMBERS<\/strong><\/td>\n<\/tr>\n<tr>\n<td style=\"border: 1px solid black; padding: 5px;\" width=\"160\"><strong>Double Major\/Minor\/DGS\/Horizontal Transfer Adaptation-Exemption Commission<\/strong><\/td>\n<td style=\"border: 1px solid black; padding: 5px;\" width=\"246\"><strong>Dr. \u00d6\u011fr. \u00dcyesi Ali Cem KUZU (Ba\u015fkan)<\/strong><\/p>\n<p>Dr. \u00d6\u011fr. \u00dcyesi Cihat A\u015eAN<\/p>\n<p>\u00d6\u011fr. G\u00f6r. \u015eems AKTU\u011e<\/td>\n<td style=\"border: 1px solid black; padding: 5px;\" width=\"268\"><strong>Prof. Dr. Ahmet TA\u015eDEM\u0130R (Ba\u015fkan)<\/strong><\/p>\n<p>Do\u00e7. Dr. O. Sabahattin SARIYER<\/p>\n<p>Do\u00e7. Dr. \u00dcyesi Kamil \u00d6zden EFES<\/td>\n<\/tr>\n<tr>\n<td style=\"border: 1px solid black; padding: 5px;\" width=\"160\"><strong>Curriculum Commission<\/strong><\/td>\n<td style=\"border: 1px solid black; padding: 5px;\" width=\"246\"><strong><\/strong><\/p>\n<p>Prof. Dr. Funda YERCAN<\/p>\n<p>Dr. \u00d6\u011fr. \u00dcyesi Cihat A\u015eAN<\/p>\n<p>Dr. \u00d6\u011fr. \u00dcyesi Umut TA\u00c7<\/td>\n<td style=\"border: 1px solid black; padding: 5px;\" width=\"268\"><strong>Prof. Dr. S\u00fcleyman \u00d6ZKAYNAK (Ba\u015fkan)<\/strong><\/p>\n<p>Do\u00e7. Dr. \u00dcyesi Kamil \u00d6zden EFES<\/p>\n<p>Do\u00e7. Dr. O. Sabahattin SARIYER<\/td>\n<\/tr>\n<tr>\n<td style=\"border: 1px solid black; padding: 5px;\" width=\"160\"><strong>Internship Commission<\/strong><\/td>\n<td style=\"border: 1px solid black; padding: 5px;\" width=\"246\">DU\u0130M B\u00f6l\u00fcm Ba\u015fkan\u0131 <strong>(Ba\u015fkan)<\/strong> ve Akademik Dan\u0131\u015fman\u0131<\/td>\n<td style=\"border: 1px solid black; padding: 5px;\" width=\"268\">GM\u0130M B\u00f6l\u00fcm Ba\u015fkan\u0131 <strong>(Ba\u015fkan)<\/strong> ve Akademik Dan\u0131\u015fman\u0131<\/td>\n<\/tr>\n<tr>\n<td style=\"border: 1px solid black; padding: 5px;\" width=\"160\"><strong>Foreign National Candidate Application Evaluation Committee<\/strong><\/td>\n<td style=\"border: 1px solid black; padding: 5px;\" width=\"246\"><strong>Dr. \u00d6\u011fr. \u00dcyesi Ali Cem KUZU (Ba\u015fkan)<\/strong><\/p>\n<p>Dr. \u00d6\u011fr. \u00dcyesi Ferhan ORAL<\/td>\n<td style=\"border: 1px solid black; padding: 5px;\" width=\"268\"><strong>Prof. Dr. Ahmet TA\u015eDEM\u0130R\u00a0 (Ba\u015fkan)<\/strong><\/p>\n<p>Do\u00e7. Dr. \u00dcyesi Kamil \u00d6zden EFES<\/td>\n<\/tr>\n<tr>\n<td style=\"border: 1px solid black; padding: 5px;\" width=\"160\"><strong>Strategy Plan Commission<\/strong><\/td>\n<td style=\"border: 1px solid black; padding: 5px;\" width=\"246\"><strong><\/strong><\/p>\n<p>Do\u00e7. Dr. Sel\u00e7uk SOLMAZ<\/p>\n<p>Dr. \u00d6\u011fr. \u00dcyesi Nazmi \u00c7E\u015eMEC\u0130<\/td>\n<td style=\"border: 1px solid black; padding: 5px;\" width=\"268\"><strong>Prof. Dr. S\u00fcleyman \u00d6ZKAYNAK\u00a0 (Ba\u015fkan)<\/strong><\/p>\n<p>Prof. Dr. M . Ziya S\u00d6\u011e\u00dcT<\/p>\n<p>Do\u00e7. Dr. Kamil \u00d6zden EFES<\/td>\n<\/tr>\n<tr>\n<td style=\"border: 1px solid black; padding: 5px;\" colspan=\"3\" width=\"674\"><strong>FACULTY COMMISSIONS<\/strong><\/td>\n<\/tr>\n<tr>\n<td style=\"border: 1px solid black; padding: 5px;\" width=\"160\"><strong>Faculty Erasmus Coordinator<\/strong><\/td>\n<td style=\"border: 1px solid black; padding: 5px;\" colspan=\"2\" width=\"514\">Do\u00e7. Dr. M. Sel\u00e7uk SOLMAZ<\/td>\n<\/tr>\n<tr>\n<td style=\"border: 1px solid black; padding: 5px;\" width=\"160\"><strong>Faculty Quality Coordinator and Assistant<\/strong><\/td>\n<td style=\"border: 1px solid black; padding: 5px;\" colspan=\"2\" width=\"514\">Dr. \u00d6\u011fr. \u00dcyesi Erhan GEZG\u0130N (Koordinat\u00f6r)<\/p>\n<p>Dr. \u00d6\u011fr. \u00dcyesi Bar\u0131\u015f \u00d6ZSEVER (Koordinat\u00f6r Yrd.)<\/td>\n<\/tr>\n<tr>\n<td style=\"border: 1px solid black; padding: 5px;\" rowspan=\"8\" width=\"160\"><strong>Faculty Quality Board<\/strong><\/td>\n<td style=\"border: 1px solid black; padding: 5px;\" colspan=\"2\" width=\"514\">Prof. Dr. C\u00fcneyt EZG\u0130 (Ba\u015fkan)<\/td>\n<\/tr>\n<tr>\n<td style=\"border: 1px solid black; padding: 5px;\" colspan=\"2\" width=\"514\">Prof. Dr. S\u00fcleyman \u00d6ZKAYNAK<\/td>\n<\/tr>\n<tr>\n<td style=\"border: 1px solid black; padding: 5px;\" colspan=\"2\" width=\"514\"><\/td>\n<\/tr>\n<tr>\n<td style=\"border: 1px solid black; padding: 5px;\" colspan=\"2\" width=\"514\">Dr. \u00d6\u011fr. \u00dcyesi Nazmi \u00c7E\u015eMEC\u0130<\/td>\n<\/tr>\n<tr>\n<td style=\"border: 1px solid black; padding: 5px;\" colspan=\"2\" width=\"514\">Dr. \u00d6\u011fr. \u00dcyesi Erhan GEZG\u0130N<\/td>\n<\/tr>\n<tr>\n<td style=\"border: 1px solid black; padding: 5px;\" colspan=\"2\" width=\"514\">Dr. \u00d6\u011fr. \u00dcyesi Bar\u0131\u015f \u00d6ZSEVER<\/td>\n<\/tr>\n<tr>\n<td style=\"border: 1px solid black; padding: 5px;\" colspan=\"2\" width=\"514\">Ar\u015f. G\u00f6r. Ahmet Alp ZAMBAT<\/td>\n<\/tr>\n<tr>\n<td style=\"border: 1px solid black; padding: 5px;\" colspan=\"2\" width=\"514\">\u00d6\u011frenci Fatih \u00d6ZER<\/td>\n<\/tr>\n<\/tbody>\n<\/table>\n","protected":false},"excerpt":{"rendered":"<p>COMMISSION NAME DUIM COMMISSION MEMBERS GMIM COMMISSION MEMBERS Double Major\/Minor\/DGS\/Horizontal Transfer Adaptation-Exemption Commission Dr. \u00d6\u011fr. \u00dcyesi Ali Cem KUZU (Ba\u015fkan) Dr. \u00d6\u011fr. \u00dcyesi Cihat A\u015eAN \u00d6\u011fr. G\u00f6r. \u015eems AKTU\u011e Prof. Dr. Ahmet TA\u015eDEM\u0130R (Ba\u015fkan) Do\u00e7. Dr. O. Sabahattin SARIYER Do\u00e7. Dr. \u00dcyesi Kamil \u00d6zden EFES Curriculum Commission Prof. Dr. Funda YERCAN Dr. \u00d6\u011fr. \u00dcyesi Cihat [&hellip;]<\/p>\n","protected":false},"author":1,"featured_media":0,"parent":27,"menu_order":0,"comment_status":"closed","ping_status":"closed","template":"page-commissions-and-boards.php","meta":{"_acf_changed":false,"footnotes":""},"class_list":["post-29","page","type-page","status-publish","hentry"],"acf":[],"_links":{"self":[{"href":"https:\/\/denizcilik.pirireis.edu.tr\/en\/wp-json\/wp\/v2\/pages\/29","targetHints":{"allow":["GET"]}}],"collection":[{"href":"https:\/\/denizcilik.pirireis.edu.tr\/en\/wp-json\/wp\/v2\/pages"}],"about":[{"href":"https:\/\/denizcilik.pirireis.edu.tr\/en\/wp-json\/wp\/v2\/types\/page"}],"author":[{"embeddable":true,"href":"https:\/\/denizcilik.pirireis.edu.tr\/en\/wp-json\/wp\/v2\/users\/1"}],"replies":[{"embeddable":true,"href":"https:\/\/denizcilik.pirireis.edu.tr\/en\/wp-json\/wp\/v2\/comments?post=29"}],"version-history":[{"count":10,"href":"https:\/\/denizcilik.pirireis.edu.tr\/en\/wp-json\/wp\/v2\/pages\/29\/revisions"}],"predecessor-version":[{"id":679,"href":"https:\/\/denizcilik.pirireis.edu.tr\/en\/wp-json\/wp\/v2\/pages\/29\/revisions\/679"}],"up":[{"embeddable":true,"href":"https:\/\/denizcilik.pirireis.edu.tr\/en\/wp-json\/wp\/v2\/pages\/27"}],"wp:attachment":[{"href":"https:\/\/denizcilik.pirireis.edu.tr\/en\/wp-json\/wp\/v2\/media?parent=29"}],"curies":[{"name":"wp","href":"https:\/\/api.w.org\/{rel}","templated":true}]}}